{"id":22171,"date":"2021-12-14T17:10:02","date_gmt":"2021-12-14T16:10:02","guid":{"rendered":"http:\/\/capsicumclubannum.com\/public\/?page_id=22171"},"modified":"2021-12-14T17:19:15","modified_gmt":"2021-12-14T16:19:15","slug":"note-legali","status":"publish","type":"page","link":"https:\/\/www.capsicumclubannum.com\/public\/note-legali\/","title":{"rendered":"Note legali"},"content":{"rendered":"<section data-vc-full-width=\"true\" data-vc-full-width-init=\"false\" class=\"vc_row wpb_row vc_row-fluid  vc_custom_1639498738377 cover-background wow fadeIn vc_row-has-fill pofo-stretch-content pofo-stretch-row-container vc_row-o-full-height vc_row-o-columns-middle vc_row-o-content-middle vc_row-flex pofo-row-responsive-69e3acd5c0938\"><div class=\"bg-extra-dark-gray bg-overlay\" style=\"opacity:0.3; background-color:#000000; \"><\/div><div class=\"wpb_column vc_column_container vc_col-sm-1 vc_col-lg-2 vc_col-md-1 vc_hidden-xs col-xs-mobile-fullwidth\"><div class=\"vc_column-inner \"><div class=\"wpb_wrapper\"><\/div><\/div><\/div><div class=\"wpb_column vc_column_container vc_col-sm-10 vc_col-lg-8 vc_col-md-10 vc_col-xs-12 text-center\"><div class=\"vc_column-inner \"><div class=\"wpb_wrapper\"><span class=\"margin-100px-bottom xs-margin-40px-bottom font-weight-600 xs-letter-spacing-0 display-inline-block alt-font text-extra-small text-outside-line text-uppercase heading-style5  vc_custom_1639480377582 pofo-button-responsive-69e3acd5c0a10  heading-1\"  style=\"letter-spacing: 3px; font-weight: 500; color: #ffffff;\">club del peperoncino<\/span><div class=\"separator-line-horrizontal-full bg-extra-light-gray center-col pofo-separator  vc_custom_1639480434289\" style=\"background-color:rgba(0,0,0,0);\"><\/div><h2 class=\"text-extra-dark-gray margin-20px-bottom font-weight-600 display-inline-block alt-font heading-style2  vc_custom_1639498693806 pofo-button-responsive-69e3acd5c0a47  heading-2\"  style=\"color: #ffffff;\">Note legali<\/h2><\/div><\/div><\/div><div class=\"wpb_column vc_column_container vc_col-sm-1 vc_col-lg-2 vc_col-md-1 vc_hidden-xs col-xs-mobile-fullwidth\"><div class=\"vc_column-inner \"><div class=\"wpb_wrapper\"><\/div><\/div><\/div><\/section><div class=\"vc_row-full-width vc_clearfix\"><\/div><section class=\"vc_row wpb_row vc_row-fluid\"><div class=\"wpb_column vc_column_container vc_col-sm-12  col-xs-mobile-fullwidth\"><div class=\"vc_column-inner \"><div class=\"wpb_wrapper\"><div class=\"last-paragraph-no-margin\"><p><strong>TITOLARE DEL SITO<\/strong><\/p>\n<p>SCR di Garufi D. e C. S.n.c.<br \/>\nSede: Via Magenta, 48 26100 Cremona CR<br \/>\nPartita Iva IT00715490199<br \/>\nIscritta nel registro delle imprese di Cremona, n\u00b0 CR \u2013 107943<\/p>\n<p><strong>UTILIZZATORE DEL SITO<\/strong><\/p>\n<p>SCR di Garufi D. e C. S.n.c.<br \/>\nSede: Via Magenta, 48 26100 Cremona CR<br \/>\nPartita Iva IT00715490199<br \/>\nIscritta nel registro delle imprese di Cremona, n\u00b0 CR \u2013 107943<\/p>\n<p><strong>COMUNICAZIONE DI COPYRIGHT<\/strong><\/p>\n<p>Il presente sito i suoi contenuti, testi, documenti, marchi, loghi, immagini, grafica, la loro disposizione e i loro adattamenti sono coperti da copyright e sono protetti dalla legge sul Diritto d\u2019Autore e dalla Normativa a Tutela dei Marchi (Legge 22 aprile 1941 n.633 e successive modifiche, Regio Decreto n. 929 del 21 giugno 1942 e successive modifiche) e dal Codice di Propriet\u00e0 Industriale. All\u2019interno del presente sito potranno essere presenti anche immagini, documenti, loghi e marchi di terze parti che hanno espressamente autorizzato alla pubblicazione degli stessi nel sito. Anche il suddetto materiale di terzi \u00e8 protetto dalle predette normative ed \u00e8 coperto da copyright. \u00c8 fatto divieto di copiare, alterare, distribuire, pubblicare o utilizzare i contenuti del sito senza autorizzazione espressa scritta del titolare del sito.<\/p>\n<p><strong>DOCUMENTAZIONE DISPONIBILE IN QUESTO SITO WEB<\/strong><\/p>\n<p>L\u2019utente \u00e8 autorizzato a utilizzare la Documentazione disponibile in questo sito web a condizione che (1) la comunicazione di copyright di cui infra sia presente in tutte le copie e che sia accompagnata dalla presente autorizzazione, (2) l\u2019uso di tale Documentazione sia inteso solo a scopo informativo e non commerciale o per uso personale e che la suddetta Documentazione non sia copiata o distribuita su alcun computer di rete o trasmessa tramite alcun canale di comunicazione e infine (3) non vengano apportate modifiche ad alcuna parte della Documentazione. L\u2019uso per qualsiasi altro scopo \u00e8 espressamente vietato dalla legge in vigore e pu\u00f2 comportare gravi sanzioni civili e penali: i trasgressori saranno perseguiti nella misura massima consentita dalla legge in vigore.<\/p>\n<p>Nessun logo, elemento grafico, suono o immagine tratta dal presente sito web pu\u00f2 essere copiato o ritrasmessa senza l\u2019espressa autorizzazione del titolare del sito. Gli elementi costitutivi del presente sito web sono tutelati da accordi commerciali, da leggi sui marchi registrati e sulla concorrenza sleale e da altre leggi e non possono essere copiati o imitati integralmente o parzialmente.<\/p>\n<p>Il titolare del sito non rilascia alcuna dichiarazione relativamente all\u2019adeguatezza delle informazioni contenute nella documentazione e nella relativa grafica pubblicati nel presente sito web, per qualsiasi scopo. La documentazione e la relativa grafica pubblicate su questo sito web vengono fornite \u201ccos\u00ec come sono\u201d senza garanzia di alcun tipo: possono includere errori, inesattezze tecniche o imprecisioni e sono soggette a modifiche periodiche senza preavviso.<\/p>\n<p><strong>DOCUMENTAZIONE E SERVIZI DISPONIBILI IN QUESTO SITO WEB<\/strong><\/p>\n<p>Salvo i casi di dolo o colpa grave, il titolare del sito non sar\u00e0 responsabile per danni speciali, indiretti o consequenziali o per altri danni di qualsiasi tipo risultanti da perdita del diritto d\u2019uso, perdita di informazioni o mancato guadagno, siano essi risultanti dall\u2019adempimento del contratto, da negligenza o da altre azioni lesive, derivanti da o in qualsiasi modo connessi all\u2019utilizzo o documentazione o all\u2019errata o mancata fornitura dei servizi o delle informazioni disponibili su questo sito web.<\/p>\n<p><strong>Tutti i diritti non espressamente concessi dal presente Contratto sono riservati.<\/strong><\/p>\n<\/div><\/div><\/div><\/div><\/section>\n","protected":false},"excerpt":{"rendered":"club del peperoncinoNote legaliTITOLARE DEL SITO SCR di Garufi D. e C. S.n.c. Sede: Via Magenta, 48 26100 Cremona CR Partita Iva IT00715490199 Iscritta nel registro delle imprese di Cremona, n\u00b0 CR \u2013 107943 UTILIZZATORE DEL SITO SCR di Garufi D. e C. S.n.c. Sede: Via Magenta, 48 26100 Cremona CR Partita Iva IT00715490199 Iscritta nel registro delle imprese di Cremona, n\u00b0 CR \u2013 107943 COMUNICAZIONE DI COPYRIGHT Il presente sito i suoi contenuti, testi, documenti, marchi, loghi, immagini, grafica, la loro disposizione e i loro adattamenti sono coperti da copyright e sono protetti dalla legge sul Diritto d\u2019Autore e dalla Normativa a Tutela dei Marchi (Legge 22 aprile 1941 n.633 e successive modifiche, Regio Decreto n. 929 del 21 giugno 1942 e successive modifiche) e dal Codice di Propriet\u00e0 Industriale. All\u2019interno del presente sito potranno essere presenti anche immagini, documenti, loghi e marchi di terze parti che hanno espressamente autorizzato alla pubblicazione degli stessi nel sito. Anche il suddetto materiale di terzi \u00e8 protetto dalle predette normative ed \u00e8 coperto da copyright. \u00c8 fatto divieto di copiare, alterare, distribuire, pubblicare o utilizzare i contenuti del sito senza autorizzazione espressa scritta del titolare del sito. DOCUMENTAZIONE DISPONIBILE IN QUESTO SITO...","protected":false},"author":1,"featured_media":0,"parent":0,"menu_order":0,"comment_status":"closed","ping_status":"closed","template":"","meta":[],"_links":{"self":[{"href":"https:\/\/www.capsicumclubannum.com\/public\/wp-json\/wp\/v2\/pages\/22171"}],"collection":[{"href":"https:\/\/www.capsicumclubannum.com\/public\/wp-json\/wp\/v2\/pages"}],"about":[{"href":"https:\/\/www.capsicumclubannum.com\/public\/wp-json\/wp\/v2\/types\/page"}],"author":[{"embeddable":true,"href":"https:\/\/www.capsicumclubannum.com\/public\/wp-json\/wp\/v2\/users\/1"}],"replies":[{"embeddable":true,"href":"https:\/\/www.capsicumclubannum.com\/public\/wp-json\/wp\/v2\/comments?post=22171"}],"version-history":[{"count":4,"href":"https:\/\/www.capsicumclubannum.com\/public\/wp-json\/wp\/v2\/pages\/22171\/revisions"}],"predecessor-version":[{"id":22182,"href":"https:\/\/www.capsicumclubannum.com\/public\/wp-json\/wp\/v2\/pages\/22171\/revisions\/22182"}],"wp:attachment":[{"href":"https:\/\/www.capsicumclubannum.com\/public\/wp-json\/wp\/v2\/media?parent=22171"}],"curies":[{"name":"wp","href":"https:\/\/api.w.org\/{rel}","templated":true}]}}