{"id":22340,"date":"2022-04-21T15:17:27","date_gmt":"2022-04-21T13:17:27","guid":{"rendered":"http:\/\/capsicumclubannum.com\/public\/?page_id=22340"},"modified":"2023-02-22T13:03:14","modified_gmt":"2023-02-22T12:03:14","slug":"cene","status":"publish","type":"page","link":"https:\/\/www.capsicumclubannum.com\/public\/cene\/","title":{"rendered":"Cene"},"content":{"rendered":"<section data-vc-full-width=\"true\" data-vc-full-width-init=\"false\" class=\"vc_row wpb_row vc_row-fluid  vc_custom_1676903425861 cover-background wow fadeIn vc_row-has-fill pofo-stretch-content pofo-stretch-row-container vc_row-o-full-height vc_row-o-columns-middle vc_row-o-content-middle vc_row-flex pofo-row-responsive-69e3acf72678b\"><div class=\"bg-extra-dark-gray bg-overlay\" style=\"opacity:0.3; background-color:#000000; \"><\/div><div class=\"wpb_column vc_column_container vc_col-sm-1 vc_col-lg-2 vc_col-md-1 vc_hidden-xs col-xs-mobile-fullwidth\"><div class=\"vc_column-inner \"><div class=\"wpb_wrapper\"><\/div><\/div><\/div><div class=\"wpb_column vc_column_container vc_col-sm-10 vc_col-lg-8 vc_col-md-10 vc_col-xs-12 text-center\"><div class=\"vc_column-inner \"><div class=\"wpb_wrapper\"><span class=\"margin-100px-bottom xs-margin-40px-bottom font-weight-600 xs-letter-spacing-0 display-inline-block alt-font text-extra-small text-outside-line text-uppercase heading-style5  vc_custom_1639480377582 pofo-button-responsive-69e3acf72682c  heading-1\"  style=\"letter-spacing: 3px; font-weight: 500; color: #ffffff;\">club del peperoncino<\/span><div class=\"separator-line-horrizontal-full bg-extra-light-gray center-col pofo-separator  vc_custom_1639480434289\" style=\"background-color:rgba(0,0,0,0);\"><\/div><h2 class=\"text-extra-dark-gray margin-20px-bottom font-weight-600 display-inline-block alt-font heading-style2  vc_custom_1650547170350 pofo-button-responsive-69e3acf726858  heading-2\"  style=\"color: #ffffff;\">Cene<\/h2>[vc_raw_html]JTNDc2NyaXB0JTIwc3JjJTNEJTIyaHR0cHMlM0ElMkYlMkZ1bnBrZy5jb20lMkYlNDBsb3R0aWVmaWxlcyUyRmxvdHRpZS1wbGF5ZXIlNDBsYXRlc3QlMkZkaXN0JTJGbG90dGllLXBsYXllci5qcyUyMiUzRSUzQyUyRnNjcmlwdCUzRSUwQSUzQ2RpdiUyMGNsYXNzJTNEJTIybG90LWFuaW0lMjIlMjBzdHlsZSUzRCUyMnRleHQtYWxpZ24lM0FjZW50ZXIlM0IlMjIlM0UlMEElM0Nsb3R0aWUtcGxheWVyJTIwc3JjJTNEJTIyaHR0cHMlM0ElMkYlMkZhc3NldHMzLmxvdHRpZWZpbGVzLmNvbSUyRnBhY2thZ2VzJTJGbGYyMF9INkxBRTQuanNvbiUyMiUyMCUyMGJhY2tncm91bmQlM0QlMjJ0cmFuc3BhcmVudCUyMiUyMCUyMHNwZWVkJTNEJTIyMSUyMiUyMCUyMHN0eWxlJTNEJTIyd2lkdGglM0ElMjAzMDBweCUzQiUyMGhlaWdodCUzQSUyMDMwMHB4JTNCJTIyJTIwJTIwbG9vcCUyMCUyMGF1dG9wbGF5JTNFJTNDJTJGbG90dGllLXBsYXllciUzRSUwQSUzQyUyRmRpdiUzRQ==[\/vc_raw_html]<\/div><\/div><\/div><div class=\"wpb_column vc_column_container vc_col-sm-1 vc_col-lg-2 vc_col-md-1 vc_hidden-xs col-xs-mobile-fullwidth\"><div class=\"vc_column-inner \"><div class=\"wpb_wrapper\"><\/div><\/div><\/div><\/section><div class=\"vc_row-full-width vc_clearfix\"><\/div><section class=\"vc_row wpb_row vc_row-fluid\"><div class=\"wpb_column vc_column_container vc_col-sm-12  col-xs-mobile-fullwidth\"><div class=\"vc_column-inner \"><div class=\"wpb_wrapper\"><div class=\"vc_row wpb_row vc_inner vc_row-fluid\"><div class=\"wpb_column vc_column_container vc_col-sm-12  col-xs-mobile-fullwidth\"><div class=\"vc_column-inner \"><div class=\"wpb_wrapper\"><div class=\"last-paragraph-no-margin\"><p style=\"font-size: 18px; text-align: center;\">Se siete amanti del piccante e non vedete l&#8217;ora di sperimentare nuove sensazioni gustative, allora dovete partecipare alle cene del nostro club Capsicum! Siamo specialisti nel proporre piatti piccanti per gli appassionati di tutti i tipi di peperoncino. Durante le nostre cene, potrete gustare piatti unici e originali che vi lasceranno a bocca aperta. Che aspettate? Unitevi a noi e scoprite il lato piccante della vita!<\/p>\n<\/div>[vc_raw_html]JTNDYnIlM0UlM0NiciUzRQ==[\/vc_raw_html]<div class=\"pofo-blog-list\"><div class=\"post-22718 post type-post status-publish format-image has-post-thumbnail hentry category-cene post_format-post-format-image\"><div class=\"blog-post blog-post-content margin-60px-bottom padding-60px-bottom border-bottom sm-no-border-bottom border-color-extra-light-gray sm-margin-30px-bottom sm-padding-30px-bottom xs-text-center pull-left width-100 blog-style3-1\"><div class=\"blog-image col-md-5 no-padding sm-margin-30px-bottom xs-margin-20px-bottom margin-30px-right sm-no-margin-right sm-width-100\"><a href=\"https:\/\/www.capsicumclubannum.com\/public\/2023\/02\/21\/blog-post-layout-04-3-2-2\/\"><img width=\"680\" height=\"453\" src=\"https:\/\/www.capsicumclubannum.com\/public\/wp-content\/uploads\/2023\/02\/IMG_0998-2.jpg\" class=\"attachment-full size-full wp-post-image\" alt=\"\" decoding=\"async\" loading=\"lazy\" title=\"\" srcset=\"https:\/\/www.capsicumclubannum.com\/public\/wp-content\/uploads\/2023\/02\/IMG_0998-2.jpg 680w, https:\/\/www.capsicumclubannum.com\/public\/wp-content\/uploads\/2023\/02\/IMG_0998-2-300x200.jpg 300w, https:\/\/www.capsicumclubannum.com\/public\/wp-content\/uploads\/2023\/02\/IMG_0998-2-391x260.jpg 391w, https:\/\/www.capsicumclubannum.com\/public\/wp-content\/uploads\/2023\/02\/IMG_0998-2-120x80.jpg 120w, https:\/\/www.capsicumclubannum.com\/public\/wp-content\/uploads\/2023\/02\/IMG_0998-2-81x54.jpg 81w\" sizes=\"(max-width: 680px) 100vw, 680px\" \/><\/a><\/div><div class=\"blog-text col-md-6 display-table no-padding sm-width-100\"><div class=\"display-table-cell vertical-align-middle\"><div class=\"content sm-no-padding-left \"><a class=\"text-extra-dark-gray margin-5px-bottom alt-font text-extra-large font-weight-600 display-inline-block entry-title\" href=\"https:\/\/www.capsicumclubannum.com\/public\/2023\/02\/21\/blog-post-layout-04-3-2-2\/\" style=\"color: #ffffff;\">Cena a Golf Il Torrazzo e Ristorante del Golf<\/a><div class=\"text-medium-gray text-extra-small margin-15px-bottom alt-font text-uppercase\"><span class=\"pofo-blog-post-meta text-medium-gray text-extra-small display-inline-block vertical-align-middle\">by <span class=\"author vcard\"><a href=\"https:\/\/www.capsicumclubannum.com\/public\/author\/admin\/\" class=\"text-medium-gray url fn n\">admin<\/a><\/span><\/span><span class=\"blog-separator vertical-align-middle\">|<\/span><span class=\"pofo-blog-post-meta text-extra-small text-medium-gray display-inline-block published vertical-align-middle\">21 Febbraio 2023<\/span><time class=\"updated display-none\" datetime=\"2023-02-22T11:06:05+01:00\">22 Febbraio 2023<\/time><\/div><div class=\"no-margin entry-content\">Cari amici appassionati di peperoncino, Sono lieto di condividere con voi un momento indimenticabile che abbiamo trascorso insieme come club di peperoncino. La settimana scorsa ci siamo riuniti presso il Golf Il Torrazzo e Ristorante del Golf, a Cremona, per una cena di gala. Devo dire che il momento \u00e8 stato davvero magnifico ed elegante, grazie alla fantastica compagnia dei membri del club. Iniziamo col dire che il Golf Il Torrazzo e Ristorante del Golf...<\/div><a href=\"https:\/\/www.capsicumclubannum.com\/public\/2023\/02\/21\/blog-post-layout-04-3-2-2\/\" class=\"btn btn-dark-gray margin-15px-top sm-margin-15px-top white-space-normal btn-very-small\">Continua a leggere<\/a><\/div><\/div><\/div><\/div><\/div><div class=\"post-22712 post type-post status-publish format-image has-post-thumbnail hentry category-cene post_format-post-format-image\"><div class=\"blog-post blog-post-content margin-60px-bottom padding-60px-bottom border-bottom sm-no-border-bottom border-color-extra-light-gray sm-margin-30px-bottom sm-padding-30px-bottom xs-text-center pull-left width-100 blog-style3-2\"><div class=\"blog-image col-md-5 no-padding sm-margin-30px-bottom xs-margin-20px-bottom margin-30px-right sm-no-margin-right sm-width-100\"><a href=\"https:\/\/www.capsicumclubannum.com\/public\/2023\/02\/21\/blog-post-layout-04-3-2\/\"><img width=\"680\" height=\"510\" src=\"https:\/\/www.capsicumclubannum.com\/public\/wp-content\/uploads\/2023\/02\/IMG_20221025_231128.jpg\" class=\"attachment-full size-full wp-post-image\" alt=\"\" decoding=\"async\" loading=\"lazy\" title=\"\" srcset=\"https:\/\/www.capsicumclubannum.com\/public\/wp-content\/uploads\/2023\/02\/IMG_20221025_231128.jpg 680w, https:\/\/www.capsicumclubannum.com\/public\/wp-content\/uploads\/2023\/02\/IMG_20221025_231128-300x225.jpg 300w, https:\/\/www.capsicumclubannum.com\/public\/wp-content\/uploads\/2023\/02\/IMG_20221025_231128-120x90.jpg 120w, https:\/\/www.capsicumclubannum.com\/public\/wp-content\/uploads\/2023\/02\/IMG_20221025_231128-81x61.jpg 81w\" sizes=\"(max-width: 680px) 100vw, 680px\" \/><\/a><\/div><div class=\"blog-text col-md-6 display-table no-padding sm-width-100\"><div class=\"display-table-cell vertical-align-middle\"><div class=\"content sm-no-padding-left \"><a class=\"text-extra-dark-gray margin-5px-bottom alt-font text-extra-large font-weight-600 display-inline-block entry-title\" href=\"https:\/\/www.capsicumclubannum.com\/public\/2023\/02\/21\/blog-post-layout-04-3-2\/\" style=\"color: #ffffff;\">Cena al Poeta Contadino<\/a><div class=\"text-medium-gray text-extra-small margin-15px-bottom alt-font text-uppercase\"><span class=\"pofo-blog-post-meta text-medium-gray text-extra-small display-inline-block vertical-align-middle\">by <span class=\"author vcard\"><a href=\"https:\/\/www.capsicumclubannum.com\/public\/author\/admin\/\" class=\"text-medium-gray url fn n\">admin<\/a><\/span><\/span><span class=\"blog-separator vertical-align-middle\">|<\/span><span class=\"pofo-blog-post-meta text-extra-small text-medium-gray display-inline-block published vertical-align-middle\">21 Febbraio 2023<\/span><time class=\"updated display-none\" datetime=\"2023-02-22T11:09:24+01:00\">22 Febbraio 2023<\/time><\/div><div class=\"no-margin entry-content\">Cari amici del club di Capsicum, Sono molto felice di potervi scrivere oggi per condividere con voi uno dei momenti pi\u00f9 indimenticabili che abbiamo vissuto come club. Come sapete, la nostra passione per il peperoncino ci unisce in un legame forte e speciale, che ci permette di condividere esperienze uniche insieme. E cos\u00ec \u00e8 stato per la cena che abbiamo organizzato al Ristorante Poeta Contadino a Casalbuttano, in provincia di Cremona. Questa localit\u00e0 \u00e8 conosciuta...<\/div><a href=\"https:\/\/www.capsicumclubannum.com\/public\/2023\/02\/21\/blog-post-layout-04-3-2\/\" class=\"btn btn-dark-gray margin-15px-top sm-margin-15px-top white-space-normal btn-very-small\">Continua a leggere<\/a><\/div><\/div><\/div><\/div><\/div><div class=\"post-22616 post type-post status-publish format-image has-post-thumbnail hentry category-cene post_format-post-format-image\"><div class=\"blog-post blog-post-content margin-60px-bottom padding-60px-bottom border-bottom sm-no-border-bottom border-color-extra-light-gray sm-margin-30px-bottom sm-padding-30px-bottom xs-text-center pull-left width-100 blog-style3-3\"><div class=\"blog-image col-md-5 no-padding sm-margin-30px-bottom xs-margin-20px-bottom margin-30px-right sm-no-margin-right sm-width-100\"><a href=\"https:\/\/www.capsicumclubannum.com\/public\/2021\/10\/04\/blog-post-layout-04-3\/\"><img width=\"680\" height=\"383\" src=\"https:\/\/www.capsicumclubannum.com\/public\/wp-content\/uploads\/2023\/02\/20210828_191747.jpg\" class=\"attachment-full size-full wp-post-image\" alt=\"\" decoding=\"async\" loading=\"lazy\" title=\"\" srcset=\"https:\/\/www.capsicumclubannum.com\/public\/wp-content\/uploads\/2023\/02\/20210828_191747.jpg 680w, https:\/\/www.capsicumclubannum.com\/public\/wp-content\/uploads\/2023\/02\/20210828_191747-300x169.jpg 300w, https:\/\/www.capsicumclubannum.com\/public\/wp-content\/uploads\/2023\/02\/20210828_191747-120x68.jpg 120w, https:\/\/www.capsicumclubannum.com\/public\/wp-content\/uploads\/2023\/02\/20210828_191747-81x46.jpg 81w\" sizes=\"(max-width: 680px) 100vw, 680px\" \/><\/a><\/div><div class=\"blog-text col-md-6 display-table no-padding sm-width-100\"><div class=\"display-table-cell vertical-align-middle\"><div class=\"content sm-no-padding-left \"><a class=\"text-extra-dark-gray margin-5px-bottom alt-font text-extra-large font-weight-600 display-inline-block entry-title\" href=\"https:\/\/www.capsicumclubannum.com\/public\/2021\/10\/04\/blog-post-layout-04-3\/\" style=\"color: #ffffff;\">Cena Releas Convento<\/a><div class=\"text-medium-gray text-extra-small margin-15px-bottom alt-font text-uppercase\"><span class=\"pofo-blog-post-meta text-medium-gray text-extra-small display-inline-block vertical-align-middle\">by <span class=\"author vcard\"><a href=\"https:\/\/www.capsicumclubannum.com\/public\/author\/admin\/\" class=\"text-medium-gray url fn n\">admin<\/a><\/span><\/span><span class=\"blog-separator vertical-align-middle\">|<\/span><span class=\"pofo-blog-post-meta text-extra-small text-medium-gray display-inline-block published vertical-align-middle\">04 Ottobre 2021<\/span><time class=\"updated display-none\" datetime=\"2023-02-22T11:16:10+01:00\">22 Febbraio 2023<\/time><\/div><div class=\"no-margin entry-content\">Cari amici del club di Capsicum, Siamo lieti di potervi condividere la notizia della nostra cena annuale che si \u00e8 svolta nel bellissimo locale di Releas Convento a Cremona. \u00c8 stato un evento eccezionale e indimenticabile che ci ha permesso di unirci e celebrare la nostra passione comune per il peperoncino. Durante la cena, abbiamo avuto l'opportunit\u00e0 di assaggiare una grande variet\u00e0 di piatti a base di peperoncino, cucinati dai migliori chef locali. Ogni portata...<\/div><a href=\"https:\/\/www.capsicumclubannum.com\/public\/2021\/10\/04\/blog-post-layout-04-3\/\" class=\"btn btn-dark-gray margin-15px-top sm-margin-15px-top white-space-normal btn-very-small\">Continua a leggere<\/a><\/div><\/div><\/div><\/div><\/div><\/div><\/div><\/div><\/div><\/div><\/div><\/div><\/div><\/section>\n","protected":false},"excerpt":{"rendered":"Cari amici del club di Capsicum, Siamo lieti di potervi condividere la notizia della nostra cena annuale che si \u00e8 svolta nel bellissimo locale di Releas Convento a Cremona. \u00c8 stato un evento eccezionale e indimenticabile che ci ha permesso di unirci e celebrare la nostra passione comune per il peperoncino. Durante la cena, abbiamo avuto l'opportunit\u00e0 di assaggiare una grande variet\u00e0 di piatti a base di peperoncino, cucinati dai migliori chef locali. Ogni portata era un'esplosione di sapori e di piccantezza che ha reso l'atmosfera ancora pi\u00f9 vivace e coinvolgente. Ci siamo divisi in gruppi di amici e ci siamo alternati nel gustare le diverse specialit\u00e0, scambiando opinioni e raccontando aneddoti divertenti sul nostro amore per il peperoncino. Ma la cena non \u00e8 stata solo una festa per il palato. \u00c8 stato anche un momento di unione e di condivisione, dove abbiamo avuto l\u2019opportunit\u00e0 di conoscere nuove persone che condividono la nostra stessa passione. [vc_gallery type=\"flexslider_slide\" interval=\"3\" images=\"22622,22624,22620,22621,22623\" img_size=\"500x500\" css_animation=\"fadeIn\"]Abbiamo avuto modo di parlare con esperti di peperoncino, appassionati e neofiti, scambiandoci consigli su come cucinare e conservare i peperoncini. \u00c8 stato bellissimo vedere come la passione per il peperoncino possa unire persone diverse, provenienti da diverse parti del...","protected":false},"author":1,"featured_media":0,"parent":0,"menu_order":0,"comment_status":"closed","ping_status":"closed","template":"","meta":[],"_links":{"self":[{"href":"https:\/\/www.capsicumclubannum.com\/public\/wp-json\/wp\/v2\/pages\/22340"}],"collection":[{"href":"https:\/\/www.capsicumclubannum.com\/public\/wp-json\/wp\/v2\/pages"}],"about":[{"href":"https:\/\/www.capsicumclubannum.com\/public\/wp-json\/wp\/v2\/types\/page"}],"author":[{"embeddable":true,"href":"https:\/\/www.capsicumclubannum.com\/public\/wp-json\/wp\/v2\/users\/1"}],"replies":[{"embeddable":true,"href":"https:\/\/www.capsicumclubannum.com\/public\/wp-json\/wp\/v2\/comments?post=22340"}],"version-history":[{"count":20,"href":"https:\/\/www.capsicumclubannum.com\/public\/wp-json\/wp\/v2\/pages\/22340\/revisions"}],"predecessor-version":[{"id":22796,"href":"https:\/\/www.capsicumclubannum.com\/public\/wp-json\/wp\/v2\/pages\/22340\/revisions\/22796"}],"wp:attachment":[{"href":"https:\/\/www.capsicumclubannum.com\/public\/wp-json\/wp\/v2\/media?parent=22340"}],"curies":[{"name":"wp","href":"https:\/\/api.w.org\/{rel}","templated":true}]}}